{"id":10,"date":"2023-02-03T09:13:04","date_gmt":"2023-02-03T09:13:04","guid":{"rendered":"https:\/\/www.opusinterinmobiliaria.com\/?page_id=10"},"modified":"2023-02-21T14:29:03","modified_gmt":"2023-02-21T14:29:03","slug":"home","status":"publish","type":"page","link":"https:\/\/www.opusinterinmobiliaria.com\/es\/","title":{"rendered":"home"},"content":{"rendered":"<h1>Contratista profesional de servicios de construcci\u00f3n y desarrollo<\/h1>\t\t\t\n\t\t\t\t<p>Un socio comercial de confianza.<\/p>\n\t\t\t\t<img decoding=\"async\" src=\"https:\/\/www.opusinterinmobiliaria.com\/wp-content\/uploads\/2023\/02\/800x600px-box-01-1.jpg\" alt=\"800x600px-box-01-1\" title=\"800x600px-box-01-1\" itemprop=\"image\"  \/>\n\t\t\t<h2>A\u00f1os de experiencia en el sector<\/h2>\n\t\t\t\t<p>OPUS INTER INMOBILIARIA SRL es una empresa que opera con \u00e9xito en el mercado desde 2011. Hemos completado numerosos proyectos tanto individuales como soluciones complejas para entidades significativas en el mercado. Nuestro \u00e9xito proviene de un grupo de clientes satisfechos que han apreciado nuestra profesionalidad y fiabilidad.<\/p>\n\t\t\t\t<img decoding=\"async\" src=\"https:\/\/www.opusinterinmobiliaria.com\/wp-content\/uploads\/2023\/02\/800x600px-box-05.jpg\" alt=\"800x600px-box-05\" title=\"800x600px-box-05\" itemprop=\"image\"  \/>\n\t\t\t<h2>Una amplia gama de servicios<\/h2>\n\t\t\t\t<p>Como parte de los servicios generales de construcci\u00f3n que ofrecemos, nos dedicamos a la construcci\u00f3n por cuenta del cliente de viviendas unifamiliares y plurifamiliares, as\u00ed como a la construcci\u00f3n de edificios p\u00fablicos e instalaciones industriales. Llevamos a cabo todas las realizaciones de forma integral: desde la redacci\u00f3n de la documentaci\u00f3n t\u00e9cnica hasta los trabajos de acabado.<\/p>\n\t\t\t\t<img decoding=\"async\" src=\"https:\/\/www.opusinterinmobiliaria.com\/wp-content\/uploads\/2023\/02\/800x600px-box-12.jpg\" alt=\"800x600px-box-12\" title=\"800x600px-box-12\" itemprop=\"image\"  \/>\n\t\t\t<h2>Personal cualificado<\/h2>\n\t\t\t\t<p>Nuestro equipo est\u00e1 formado por un selecto cuadro de especialistas. Nos aseguramos de mejorar constantemente nuestra competencia mediante la formaci\u00f3n y la obtenci\u00f3n de certificados. Gracias a ello, podemos aumentar la eficacia de nuestro trabajo, incrementar la tasa de ejecuci\u00f3n de las inversiones y proporcionar comodidad y seguridad a los clientes.<\/p>\n\t\t\t\t<img decoding=\"async\" src=\"https:\/\/www.opusinterinmobiliaria.com\/wp-content\/uploads\/2023\/02\/800x600px-box-20.jpg\" alt=\"800x600px-box-20\" title=\"800x600px-box-20\" itemprop=\"image\"  \/>\n\t\t\t<h2>\u00daltimas soluciones y tecnolog\u00edas<\/h2>\n\t\t\t\t<p>Seguimos las \u00faltimas y probadas tecnolog\u00edas que ofrece el sector de la construcci\u00f3n y el desarrollo y las aplicamos con \u00e9xito en las inversiones que realizamos. Gracias a ello, podemos garantizar la m\u00e1xima calidad de nuestros servicios y la satisfacci\u00f3n de cada cliente.<\/p>\n\t\t\t\t<img decoding=\"async\" src=\"https:\/\/www.opusinterinmobiliaria.com\/wp-content\/uploads\/2023\/02\/800x600px-box-22-1.jpg\" alt=\"800x600px-box-22-1\" title=\"800x600px-box-22-1\" itemprop=\"image\"  \/>\n\t\t\t<h2>Modernidad y flexibilidad<\/h2>\n\t\t\t\t<p>Nuestra idea principal es un enfoque individual para cada cliente. Nos preocupamos de ajustar la ejecuci\u00f3n de nuestros servicios a los supuestos y expectativas establecidos.  Tambi\u00e9n somos flexibles en nuestras operaciones, lo que nos permite adaptar mejor nuestra oferta a los requisitos de los clientes y del mercado.<\/p>\n\t\t\t\t<img decoding=\"async\" src=\"https:\/\/www.opusinterinmobiliaria.com\/wp-content\/uploads\/2023\/02\/800x600px-box-10.jpg\" alt=\"800x600px-box-10\" title=\"800x600px-box-10\" itemprop=\"image\"  \/>\n\t\t\t<h2>Un socio fiable en los negocios<\/h2>\n\t\t\t\t<p>Nuestra larga actividad en el mercado y el \u00e9xito de las inversiones en construcci\u00f3n realizadas nos han permitido ganarnos el reconocimiento de los contratistas. Nuestros clientes aprecian la fiabilidad, puntualidad y alta calidad de nuestros servicios.<\/p>\n\t\t\t\t<img decoding=\"async\" src=\"https:\/\/www.opusinterinmobiliaria.com\/wp-content\/uploads\/2023\/02\/800x600px-box-16.jpg\" alt=\"800x600px-box-16\" title=\"800x600px-box-16\" itemprop=\"image\"  \/>\n\t\t\t<h2>Sostenibilidad y seguridad<\/h2>\n\t\t\t\t<p>En la ejecuci\u00f3n de las inversiones, hacemos todo lo posible para que nuestras actividades no perjudiquen al medio ambiente.  Cuidamos y respetamos el clima natural y la belleza que caracteriza a la Rep\u00fablica Dominicana. Por esta raz\u00f3n, implementamos constantemente procedimientos e innovaciones log\u00edsticas que permiten el ahorro de combustible, el reciclaje eficiente y la sostenibilidad y certificaci\u00f3n de los materiales utilizados.<\/p>\n\t\t\t\t<img decoding=\"async\" src=\"https:\/\/www.opusinterinmobiliaria.com\/wp-content\/uploads\/2023\/02\/800x600px-box-25.jpg\" alt=\"800x600px-box-25\" title=\"800x600px-box-25\" itemprop=\"image\"  \/>\n\t\t\t<h2>Promotor inmobiliario experimentado y probado<\/h2>\n\t\t\t\t<p>OPUS INTER INMOBILIARIA SRL es un promotor fiable que crea lugares que permiten a nuestros clientes disfrutar plenamente de los encantos de la Rep\u00fablica Dominicana. Actualmente es uno de los destinos m\u00e1s populares en el mundo en t\u00e9rminos de turismo y el desarrollo din\u00e1mico de las ventas de bienes ra\u00edces. Nuestra visi\u00f3n del negocio se basa en un enfoque individual al cliente, proporcion\u00e1ndoles propiedades que son una excelente inversi\u00f3n para el futuro asegurando un crecimiento continuo.<\/p>\n\t\t\t\t<img decoding=\"async\" src=\"https:\/\/www.opusinterinmobiliaria.com\/wp-content\/uploads\/2023\/02\/800x600px-box-14.jpg\" alt=\"800x600px-box-14\" title=\"800x600px-box-14\" itemprop=\"image\"  \/>\n\t\t\t<h2>Consultor\u00eda e inversiones rentables en el sector inmobiliario<\/h2>\n\t\t\t\t<p>OPUS INTER INMOBILIARIA SRL is a reliable developer that creates places that allow our clients to fully enjoy the charms of the Dominican Republic. It is currently one of the most popular destinations in the world in terms of tourism and the dynamic development of real estate sales. Our vision of the business is built on an individual approach to the customer, providing them with properties that are an excellent investment for the future ensuring continued growth.<\/p>\n\t\t\t<h2>Proyectos realizados<\/h2>\t\t\t\n\t\t\t\t<p>Proyectos e inversiones realizados recientemente por OPUS INTER INMOBILIARIA SRL para el complejo tur\u00edstico de Playa Palmera<\/p>\n\t\t\t<h2>Proyectos en curso<\/h2>\t\t\t\n\t\t\t\t<p>Obras en curso Proyecto de construcci\u00f3n en curso para Villas Playa Palmera<\/p>\n\t\t\t\t<img decoding=\"async\" src=\"https:\/\/www.opusinterinmobiliaria.com\/wp-content\/uploads\/2023\/02\/LOGO-1.png\" alt=\"LOGO\" title=\"LOGO\" itemprop=\"image\"\/>\n\t\t\t\t<p>Quo incidunt ullamco.<\/p>\n\t\t\t<a href=\"https:\/\/villasplayapalmera.com\" target=\"_blank\" rel=\"noopener\" role=\"button\" aria-label=\"Ver nuestros proyectos\">\n\t\t\t\t\t\t\tVer nuestros proyectos\n\t\t<\/a>\n\t\t\t\t<img decoding=\"async\" src=\"https:\/\/www.opusinterinmobiliaria.com\/wp-content\/uploads\/2023\/02\/logo-dark.png\" alt=\"logo-dark\" title=\"logo-dark\" itemprop=\"image\"\/>\n\t<h3>\n\t\t\t\tUn socio de probada eficacia en el sector de la construcci\u00f3n\n\t\t\t<\/h3>\n\t<p>Servicios integrales de construcci\u00f3n y desarrollo apreciados y reconocidos en el mercado. Convi\u00e9rtase en uno de nuestros clientes satisfechos.<\/p>\n\t<ul>\n\t\t<li>\t\t\t\t\n\t\t<p>Blv. Andi Las Vegas 7<br \/>Playa Palmera<br \/>Punta Cana<\/p><\/li>\t<\/ul>\n\t<ul>\n\t\t<li>\t\t\t\t\n\t\t<p>+1 809 383 6959<\/p><\/li>\t<\/ul>\n  Language\t\t\t\n\t\t\t\t\t<ul id=\"menu-menu\"><li id=\"menu-item-115\"><a href=\"https:\/\/www.opusinterinmobiliaria.com\/es\/?fl_builder\">EN<\/a><\/li>\n<li id=\"menu-item-117\"><a href=\"https:\/\/www.opusinterinmobiliaria.com\/es\/?fl_builder\">ES<\/a><\/li>\n<\/ul>","protected":false},"excerpt":{"rendered":"<p>Professional contractor of construction and development services A trustworthy business partner Years of experience in the industry OPUS INTER INMOBILIARIA SRL is a company successfully operating in the market since 2011. We have completed numerous projects both individual and complex solutions for significant entities in the market. Our success comes from a group of satisfied&hellip;<\/p>","protected":false},"author":1,"featured_media":0,"parent":0,"menu_order":0,"comment_status":"closed","ping_status":"closed","template":"","meta":{"footnotes":""},"class_list":["post-10","page","type-page","status-publish","hentry"],"_links":{"self":[{"href":"https:\/\/www.opusinterinmobiliaria.com\/es\/wp-json\/wp\/v2\/pages\/10","targetHints":{"allow":["GET"]}}],"collection":[{"href":"https:\/\/www.opusinterinmobiliaria.com\/es\/wp-json\/wp\/v2\/pages"}],"about":[{"href":"https:\/\/www.opusinterinmobiliaria.com\/es\/wp-json\/wp\/v2\/types\/page"}],"author":[{"embeddable":true,"href":"https:\/\/www.opusinterinmobiliaria.com\/es\/wp-json\/wp\/v2\/users\/1"}],"replies":[{"embeddable":true,"href":"https:\/\/www.opusinterinmobiliaria.com\/es\/wp-json\/wp\/v2\/comments?post=10"}],"version-history":[{"count":68,"href":"https:\/\/www.opusinterinmobiliaria.com\/es\/wp-json\/wp\/v2\/pages\/10\/revisions"}],"predecessor-version":[{"id":181,"href":"https:\/\/www.opusinterinmobiliaria.com\/es\/wp-json\/wp\/v2\/pages\/10\/revisions\/181"}],"wp:attachment":[{"href":"https:\/\/www.opusinterinmobiliaria.com\/es\/wp-json\/wp\/v2\/media?parent=10"}],"curies":[{"name":"wp","href":"https:\/\/api.w.org\/{rel}","templated":true}]}}